{"id":1477,"date":"2024-04-09T15:00:47","date_gmt":"2024-04-09T15:00:47","guid":{"rendered":"https:\/\/joangalvez.com\/index.php\/sobre-mi\/"},"modified":"2024-05-22T18:42:04","modified_gmt":"2024-05-22T18:42:04","slug":"sobre-mi","status":"publish","type":"page","link":"https:\/\/joangalvez.com\/es\/sobre-mi\/","title":{"rendered":"Sobre mi"},"content":{"rendered":"\t\t<div data-elementor-type=\"wp-page\" data-elementor-id=\"1477\" class=\"elementor elementor-1477 elementor-8\" data-elementor-post-type=\"page\">\n\t\t\t\t<div class=\"elementor-element elementor-element-f79f5d6 e-flex e-con-boxed e-con e-parent\" data-id=\"f79f5d6\" data-element_type=\"container\" data-e-type=\"container\">\n\t\t\t\t\t<div class=\"e-con-inner\">\n\t\t<div class=\"elementor-element elementor-element-8f0ae27 e-con-full e-flex e-con e-child\" data-id=\"8f0ae27\" data-element_type=\"container\" data-e-type=\"container\">\n\t\t\t\t<div class=\"elementor-element elementor-element-a30477b elementor-widget elementor-widget-image\" data-id=\"a30477b\" data-element_type=\"widget\" data-e-type=\"widget\" data-widget_type=\"image.default\">\n\t\t\t\t<div class=\"elementor-widget-container\">\n\t\t\t\t\t\t\t\t\t\t\t\t\t\t\t<img fetchpriority=\"high\" decoding=\"async\" width=\"800\" height=\"534\" src=\"https:\/\/joangalvez.com\/wp-content\/uploads\/2024\/05\/IMG_1020-2-1024x683.jpg\" class=\"attachment-large size-large wp-image-1616\" alt=\"\" srcset=\"https:\/\/joangalvez.com\/wp-content\/uploads\/2024\/05\/IMG_1020-2-1024x683.jpg 1024w, https:\/\/joangalvez.com\/wp-content\/uploads\/2024\/05\/IMG_1020-2-300x200.jpg 300w, https:\/\/joangalvez.com\/wp-content\/uploads\/2024\/05\/IMG_1020-2-768x512.jpg 768w, https:\/\/joangalvez.com\/wp-content\/uploads\/2024\/05\/IMG_1020-2-1536x1024.jpg 1536w, https:\/\/joangalvez.com\/wp-content\/uploads\/2024\/05\/IMG_1020-2-2048x1365.jpg 2048w\" sizes=\"(max-width: 800px) 100vw, 800px\" \/>\t\t\t\t\t\t\t\t\t\t\t\t\t\t\t<\/div>\n\t\t\t\t<\/div>\n\t\t\t\t<\/div>\n\t\t<div class=\"elementor-element elementor-element-e073f93 e-con-full e-flex e-con e-child\" data-id=\"e073f93\" data-element_type=\"container\" data-e-type=\"container\">\n\t\t\t\t<div class=\"elementor-element elementor-element-d027fd6 elementor-widget elementor-widget-heading\" data-id=\"d027fd6\" data-element_type=\"widget\" data-e-type=\"widget\" data-widget_type=\"heading.default\">\n\t\t\t\t<div class=\"elementor-widget-container\">\n\t\t\t\t\t<h2 class=\"elementor-heading-title elementor-size-default\">SOBRE MI<\/h2>\t\t\t\t<\/div>\n\t\t\t\t<\/div>\n\t\t\t\t<div class=\"elementor-element elementor-element-d0ab59b elementor-widget elementor-widget-text-editor\" data-id=\"d0ab59b\" data-element_type=\"widget\" data-e-type=\"widget\" data-widget_type=\"text-editor.default\">\n\t\t\t\t<div class=\"elementor-widget-container\">\n\t\t\t\t\t\t\t\t\t<p><span style=\"font-weight: 400;\"><strong>Joan G\u00e1lvez<\/strong> es un fotoperiodista basado en Barcelona especializado en problem\u00e1ticas sociales, migraciones y dramas humanitarios. Trabaja en proyectos de largo recorrido, as\u00ed como cobertura de eventos y noticias diarias. <\/span><\/p>\n<p><span style=\"font-weight: 400;\">Su trabajo ha sido publicado en medios nacionales como <strong>La Vanguardia, El Espa\u00f1ol, El Mundo y en medios internacionales como Zeit, NRC o Courrier International.<\/strong><\/span><\/p>\n<p><span style=\"font-weight: 400;\">Aparte del fotoperiodismo, trabaja tambi\u00e9n como fot\u00f3grafo de conciertos y videograf\u00eda de eventos y actos musicales.<\/span><\/p>\n\t\t\t\t\t\t\t\t<\/div>\n\t\t\t\t<\/div>\n\t\t\t\t<div class=\"elementor-element elementor-element-18c070b elementor-widget elementor-widget-button\" data-id=\"18c070b\" data-element_type=\"widget\" data-e-type=\"widget\" data-widget_type=\"button.default\">\n\t\t\t\t<div class=\"elementor-widget-container\">\n\t\t\t\t\t\t\t\t\t<div class=\"elementor-button-wrapper\">\n\t\t\t\t\t<a class=\"elementor-button elementor-button-link elementor-size-sm\" href=\"https:\/\/joangalvez.com\/es\/index.php\/contacto\/\">\n\t\t\t\t\t\t<span class=\"elementor-button-content-wrapper\">\n\t\t\t\t\t\t\t\t\t<span class=\"elementor-button-text\">Cont\u00e1ctame<\/span>\n\t\t\t\t\t<\/span>\n\t\t\t\t\t<\/a>\n\t\t\t\t<\/div>\n\t\t\t\t\t\t\t\t<\/div>\n\t\t\t\t<\/div>\n\t\t\t\t<\/div>\n\t\t\t\t\t<\/div>\n\t\t\t\t<\/div>\n\t\t\t\t<\/div>\n\t\t","protected":false},"excerpt":{"rendered":"<p>SOBRE MI Joan G\u00e1lvez es un fotoperiodista basado en Barcelona especializado en problem\u00e1ticas sociales, migraciones y dramas humanitarios. Trabaja en proyectos de largo recorrido, as\u00ed como cobertura de eventos y noticias diarias. Su trabajo ha sido publicado en medios nacionales como La Vanguardia, El Espa\u00f1ol, El Mundo y en medios internacionales como Zeit, NRC o [&hellip;]<\/p>\n","protected":false},"author":1,"featured_media":0,"parent":0,"menu_order":0,"comment_status":"closed","ping_status":"closed","template":"","meta":{"footnotes":""},"class_list":["post-1477","page","type-page","status-publish","hentry"],"acf":[],"_links":{"self":[{"href":"https:\/\/joangalvez.com\/es\/wp-json\/wp\/v2\/pages\/1477","targetHints":{"allow":["GET"]}}],"collection":[{"href":"https:\/\/joangalvez.com\/es\/wp-json\/wp\/v2\/pages"}],"about":[{"href":"https:\/\/joangalvez.com\/es\/wp-json\/wp\/v2\/types\/page"}],"author":[{"embeddable":true,"href":"https:\/\/joangalvez.com\/es\/wp-json\/wp\/v2\/users\/1"}],"replies":[{"embeddable":true,"href":"https:\/\/joangalvez.com\/es\/wp-json\/wp\/v2\/comments?post=1477"}],"version-history":[{"count":5,"href":"https:\/\/joangalvez.com\/es\/wp-json\/wp\/v2\/pages\/1477\/revisions"}],"predecessor-version":[{"id":1626,"href":"https:\/\/joangalvez.com\/es\/wp-json\/wp\/v2\/pages\/1477\/revisions\/1626"}],"wp:attachment":[{"href":"https:\/\/joangalvez.com\/es\/wp-json\/wp\/v2\/media?parent=1477"}],"curies":[{"name":"wp","href":"https:\/\/api.w.org\/{rel}","templated":true}]}}